{"id":6000,"date":"2024-03-04T11:26:23","date_gmt":"2024-03-04T11:26:23","guid":{"rendered":"https:\/\/virtualminds.com\/?page_id=6000"},"modified":"2025-11-17T15:42:18","modified_gmt":"2025-11-17T14:42:18","slug":"recht-auf-auskunft-und-vergessen","status":"publish","type":"page","link":"https:\/\/virtualminds.com\/de\/recht-auf-auskunft-und-vergessen\/","title":{"rendered":"Recht auf Auskunft &amp; Vergessen"},"content":{"rendered":"\t\t<div data-elementor-type=\"wp-page\" data-elementor-id=\"6000\" class=\"elementor elementor-6000\" data-elementor-post-type=\"page\">\n\t\t\t\t\t\t<section class=\"elementor-section elementor-top-section elementor-element elementor-element-ddf5013 elementor-section-boxed elementor-section-height-default elementor-section-height-default\" data-id=\"ddf5013\" data-element_type=\"section\" data-e-type=\"section\">\n\t\t\t\t\t\t<div class=\"elementor-container elementor-column-gap-default\">\n\t\t\t\t\t<div class=\"elementor-column elementor-col-100 elementor-top-column elementor-element elementor-element-0983d89\" data-id=\"0983d89\" data-element_type=\"column\" data-e-type=\"column\">\n\t\t\t<div class=\"elementor-widget-wrap elementor-element-populated\">\n\t\t\t\t\t\t<div class=\"elementor-element elementor-element-d1dbdfb elementor-widget elementor-widget-heading\" data-id=\"d1dbdfb\" data-element_type=\"widget\" data-e-type=\"widget\" data-settings=\"{&quot;_animation&quot;:&quot;none&quot;,&quot;motion_fx_motion_fx_scrolling&quot;:&quot;yes&quot;,&quot;motion_fx_translateX_effect&quot;:&quot;yes&quot;,&quot;motion_fx_translateX_speed&quot;:{&quot;unit&quot;:&quot;px&quot;,&quot;size&quot;:2,&quot;sizes&quot;:[]},&quot;motion_fx_translateX_affectedRange&quot;:{&quot;unit&quot;:&quot;%&quot;,&quot;size&quot;:&quot;&quot;,&quot;sizes&quot;:{&quot;start&quot;:0,&quot;end&quot;:100}},&quot;motion_fx_devices&quot;:[&quot;desktop&quot;,&quot;tablet&quot;,&quot;mobile&quot;]}\" data-widget_type=\"heading.default\">\n\t\t\t\t<div class=\"elementor-widget-container\">\n\t\t\t\t\t<h3 class=\"elementor-heading-title elementor-size-default\">Recht auf Auskunft<\/h3>\t\t\t\t<\/div>\n\t\t\t\t<\/div>\n\t\t\t\t<div class=\"elementor-element elementor-element-1831820 elementor-widget elementor-widget-heading\" data-id=\"1831820\" data-element_type=\"widget\" data-e-type=\"widget\" data-settings=\"{&quot;_animation&quot;:&quot;none&quot;,&quot;motion_fx_motion_fx_scrolling&quot;:&quot;yes&quot;,&quot;motion_fx_translateX_effect&quot;:&quot;yes&quot;,&quot;motion_fx_translateX_direction&quot;:&quot;negative&quot;,&quot;motion_fx_translateX_speed&quot;:{&quot;unit&quot;:&quot;px&quot;,&quot;size&quot;:2,&quot;sizes&quot;:[]},&quot;motion_fx_translateX_affectedRange&quot;:{&quot;unit&quot;:&quot;%&quot;,&quot;size&quot;:&quot;&quot;,&quot;sizes&quot;:{&quot;start&quot;:50,&quot;end&quot;:100}},&quot;motion_fx_devices&quot;:[&quot;desktop&quot;,&quot;tablet&quot;,&quot;mobile&quot;]}\" data-widget_type=\"heading.default\">\n\t\t\t\t<div class=\"elementor-widget-container\">\n\t\t\t\t\t<h3 class=\"elementor-heading-title elementor-size-default\"><span>&amp; vergessen<\/span><\/h3>\t\t\t\t<\/div>\n\t\t\t\t<\/div>\n\t\t\t\t\t<\/div>\n\t\t<\/div>\n\t\t\t\t\t<\/div>\n\t\t<\/section>\n\t\t\t\t<section class=\"elementor-section elementor-top-section elementor-element elementor-element-483631b elementor-section-boxed elementor-section-height-default elementor-section-height-default\" data-id=\"483631b\" data-element_type=\"section\" data-e-type=\"section\">\n\t\t\t\t\t\t<div class=\"elementor-container elementor-column-gap-default\">\n\t\t\t\t\t<div class=\"elementor-column elementor-col-100 elementor-top-column elementor-element elementor-element-64c5e9e\" data-id=\"64c5e9e\" data-element_type=\"column\" data-e-type=\"column\">\n\t\t\t<div class=\"elementor-widget-wrap elementor-element-populated\">\n\t\t\t\t\t\t<div class=\"elementor-element elementor-element-d690b08 elementor-widget elementor-widget-text-editor\" data-id=\"d690b08\" data-element_type=\"widget\" data-e-type=\"widget\" data-widget_type=\"text-editor.default\">\n\t\t\t\t<div class=\"elementor-widget-container\">\n\t\t\t\t\t\t\t\t\t<p>Unsere Plattform umfasst Produkte, die unseren Kunden die M\u00f6glichkeit geben, zielgruppenspezifische bzw. nutzerorientierte Werbung auszuspielen oder einzublenden. Hierbei entscheiden Werbetreibende anhand verschiedener Faktoren, wie beispielsweise dem Werbeumfeld, oder angenommenen Interessen und Vorlieben der Nutzer, welche Werbung wann auf welchem Endger\u00e4t angezeigt wird. Im Rahmen dieser Produkte verarbeitet Virtual Minds keine personenbezogenen Daten, die Sie direkt identifizieren (z.B. Name, E-Mail-Adresse, Postanschrift), sondern ausschlie\u00dflich Informationen in Zusammenhang mit Ihrem Surf- und Nutzerverhalten auf Internetseiten, mobilen Applikationen und anderen digitalen Angeboten. F\u00fcr die Erfassung dieser Information markiert jedes einzelne Produkt den von Ihnen genutzten Browser mit einem Cookie. Dieser auf dem jeweiligen Browser gespeicherte Cookie enth\u00e4lt eine Kennung (\u201cCookie Identifier\u201d oder \u201cCookie ID\u201d), welche f\u00fcr das jeweilige Produkt relevant ist. Anders als bei Webseiten, wird bei Werbung und Inhalten, die in Programmen (Apps) auf dem Mobiltelefon angezeigt werden, die sogenannte MAID verwendet, um das Ger\u00e4t zu identifizieren. Diese MAID ist eine einzigartige Kennung, die in Ihrem Ger\u00e4t hinterlegt ist und von Apps verkn\u00fcpft wird. Entweder Cookie oder MAID sind gemeinsam mit den nachstehend angefragten Informationen f\u00fcr die Verifizierung Ihres Antrages und Ihrer Person erforderlich.<\/p><p>Als Verantwortlicher gem\u00e4\u00df der Datenschutzgrundverordnung (\u201cDSGVO\u201d) sind wir verpflichtet, zu pr\u00fcfen und sicherzustellen, dass die Geltendmachung von Betroffenenrechten ausschlie\u00dflich durch berechtigte Personen erfolgt. F\u00fcr eine weitere Bearbeitung Ihres Antrages ist es daher erforderlich, dass Sie das \ud83d\udcc4 <a href=\"https:\/\/virtualminds.com\/wp-content\/uploads\/2025\/08\/Identitaetsnachweis-Virtual_Minds2025-1.docx\">Formular Identit\u00e4tsnachweis<\/a> downloaden, ausf\u00fcllen und unterschrieben per E-Mail (<a href=\"mailto:data.privacy@virtualminds.com\">data.privacy@virtualminds.com<\/a>) an uns zur\u00fccksenden.<\/p>\t\t\t\t\t\t\t\t<\/div>\n\t\t\t\t<\/div>\n\t\t\t\t<div class=\"elementor-element elementor-element-b95992e elementor-widget elementor-widget-text-editor\" data-id=\"b95992e\" data-element_type=\"widget\" data-e-type=\"widget\" data-widget_type=\"text-editor.default\">\n\t\t\t\t<div class=\"elementor-widget-container\">\n\t\t\t\t\t\t\t\t\t<div class=\"fusion-text fusion-text-3\"><p>Ihre aktuellen Virtual Minds Browser-Cookie-IDs lauten:<\/p><\/div>\t\t\t\t\t\t\t\t<\/div>\n\t\t\t\t<\/div>\n\t\t\t\t<div class=\"elementor-element elementor-element-6ab51ea elementor-widget elementor-widget-text-editor\" data-id=\"6ab51ea\" data-element_type=\"widget\" data-e-type=\"widget\" data-widget_type=\"text-editor.default\">\n\t\t\t\t<div class=\"elementor-widget-container\">\n\t\t\t\t\t\t\t\t\t<div class=\"marketing-iframe-wrapper\">\n    <div class=\"cookie-notice\" style=\"color: #2ea3f2; background-color: #d6d6d6; width: 100%; padding-left: 20px; padding-top: 20px; padding-bottom: 20px; display: none; cursor: pointer;\">\n        Please accept cookies to view this content.\n        <span style=\"text-decoration: underline; font-weight: bold;\">Change cookie settings<\/span>\n    <\/div>\n    <div class=\"iframe-content\" style=\"display: none;\"><\/div>\n<\/div>\n\n<script>\n(function() {\n    \/\/ Lokale Referenz auf das Wrapper-Element dieser spezifischen Instanz\n    const wrapper = document.currentScript.previousElementSibling;\n    const noticeElement = wrapper.querySelector('.cookie-notice');\n    const contentElement = wrapper.querySelector('.iframe-content');\n    \n    \/\/ Klick-Handler f\u00fcr den Notice-Text - FIXED VERSION\n    noticeElement.addEventListener('click', function(e) {\n        e.preventDefault();\n        console.log('Cookie Notice clicked');\n        \n        try {\n            \/\/ Popup-Element finden und anzeigen\n            var popup = document.querySelector('#coiPage-1') ||\n                       document.querySelector('.coi-consent-banner__popup') ||\n                       document.querySelector('[class*=\"consent\"][class*=\"popup\"]') ||\n                       document.querySelector('[class*=\"CookieInformation\"][class*=\"popup\"]');\n            \n            if (popup) {\n                console.log('Popup gefunden, zeige es an');\n                popup.style.display = 'block';\n                popup.style.visibility = 'visible';\n                popup.style.opacity = '1';\n                popup.style.zIndex = '9999';\n                \n                \/\/ Overlay auch anzeigen\n                var overlay = document.querySelector('#coiOverlay') || \n                             document.querySelector('.coi-consent-banner__overlay');\n                if (overlay) {\n                    overlay.style.display = 'block';\n                    overlay.style.visibility = 'visible';\n                }\n            } else {\n                console.warn(\"Cookie-Popup konnte nicht gefunden werden.\");\n            }\n            \n        } catch (error) {\n            console.error('Fehler beim \u00d6ffnen der Cookie-Einstellungen:', error);\n        }\n    });\n    \n    \/\/ Funktion zum Laden der iFrames\n    function loadIframes() {\n        \/\/ Hinweis ausblenden\n        noticeElement.style.display = 'none';\n        \/\/ Content anzeigen\n        contentElement.style.display = 'block';\n        contentElement.innerHTML = `\n            <div style=\"color: #2ea3f2; background-color: #d6d6d6; width: 100%; padding-left: 20px; padding-top: 20px; padding-bottom: 20px; margin-bottom: 10px;\">\n                <iframe style=\"border: 0; height: 30px; width: 600px; overflow: hidden;\" src=\"https:\/\/ad.yieldlab.net\/privacy\" scrolling=\"no\"><\/iframe>\n            <\/div>\n            \n            <div style=\"color: #2ea3f2; background-color: #d6d6d6; width: 100%; padding-left: 20px; padding-top: 20px; padding-bottom: 20px; margin-bottom: 10px;\">\n                <iframe style=\"border: 0; height: 30px; width: 600px; overflow: hidden;\" src=\"https:\/\/static.adfarm1.adition.com\/co1.sjs?var_name=adition_userid\" scrolling=\"no\"><\/iframe>\n            <\/div>\n            \n            <div style=\"color: #2ea3f2; background-color: #d6d6d6; width: 100%; padding-left: 20px; padding-top: 20px; padding-bottom: 20px;\">\n                <iframe style=\"border: 0; height: 30px; width: 600px; overflow: hidden;\" src=\"https:\/\/api.theadex.com\/collector\/v1\/userid?adexid_userid\" scrolling=\"no\"><\/iframe>\n            <\/div>\n        `;\n    }\n    \n    \/\/ Funktion zum Pr\u00fcfen und Aktualisieren der Anzeige\n    function checkConsentAndUpdateDisplay() {\n        if (typeof CookieInformation !== 'undefined' && CookieInformation.getConsentGivenFor('cookie_cat_marketing')) {\n            loadIframes();\n        } else {\n            noticeElement.style.display = 'block';\n            contentElement.style.display = 'none';\n        }\n    }\n    \n    \/\/ Gemeinsamer Event-Listener - falls nicht bereits definiert\n    if (!window.cookieConsentListenerAdded) {\n        window.addEventListener('CookieInformationConsentGiven', function() {\n            \/\/ Alle Event-Handler auf der Seite benachrichtigen\n            document.dispatchEvent(new CustomEvent('cookieConsentUpdated'));\n        });\n        \n        window.addEventListener('CookieInformationConsentChanged', function() {\n            \/\/ Auch bei \u00c4nderungen reagieren\n            document.dispatchEvent(new CustomEvent('cookieConsentUpdated'));\n        });\n        \n        window.cookieConsentListenerAdded = true;\n    }\n    \n    \/\/ Event-Listener f\u00fcr die interne Kommunikation\n    document.addEventListener('cookieConsentUpdated', checkConsentAndUpdateDisplay);\n    \n    \/\/ Initial pr\u00fcfen nach kurzer Verz\u00f6gerung\n    setTimeout(checkConsentAndUpdateDisplay, 500);\n})();\n<\/script>\t\t\t\t\t\t\t\t<\/div>\n\t\t\t\t<\/div>\n\t\t\t\t<div class=\"elementor-element elementor-element-aabe594 elementor-widget elementor-widget-text-editor\" data-id=\"aabe594\" data-element_type=\"widget\" data-e-type=\"widget\" data-widget_type=\"text-editor.default\">\n\t\t\t\t<div class=\"elementor-widget-container\">\n\t\t\t\t\t\t\t\t\t<div class=\"fusion-text fusion-text-3\"><p>Hinweis: Abh\u00e4ngig welches Betriebssystem Sie nutzen werden die MAIDs entweder IDFA (iOS) oder AAID (Android) genannt und sind wie folgt in den Ger\u00e4teeinstellungen einsehbar und auch deaktivierbar:<\/p><ul><li><span style=\"text-decoration: underline;\">Android-Nutzer<\/span>: Einstellungen -&gt; Google -&gt; Anzeigen -&gt; Werbe-ID<\/li><li><span style=\"text-decoration: underline;\">iOS-Nutzer<\/span>: Ihre IDFA ist nicht in den Ger\u00e4teeinstellungen einsehbar (es ist lediglich ein Zur\u00fccksetzen m\u00f6glich), sondern kann \u00fcber diverse Apps Dritter (z.B. the Identifier) angezeigt werden.<\/li><\/ul><\/div>\t\t\t\t\t\t\t\t<\/div>\n\t\t\t\t<\/div>\n\t\t\t\t\t<\/div>\n\t\t<\/div>\n\t\t\t\t\t<\/div>\n\t\t<\/section>\n\t\t\t\t<section class=\"elementor-section elementor-top-section elementor-element elementor-element-039dbe6 elementor-section-boxed elementor-section-height-default elementor-section-height-default\" data-id=\"039dbe6\" data-element_type=\"section\" data-e-type=\"section\">\n\t\t\t\t\t\t<div class=\"elementor-container elementor-column-gap-default\">\n\t\t\t\t\t<div class=\"elementor-column elementor-col-20 elementor-top-column elementor-element elementor-element-9b48f76\" data-id=\"9b48f76\" data-element_type=\"column\" data-e-type=\"column\">\n\t\t\t<div class=\"elementor-widget-wrap\">\n\t\t\t\t\t\t\t<\/div>\n\t\t<\/div>\n\t\t\t\t<div class=\"elementor-column elementor-col-20 elementor-top-column elementor-element elementor-element-effdae5\" data-id=\"effdae5\" data-element_type=\"column\" data-e-type=\"column\">\n\t\t\t<div class=\"elementor-widget-wrap elementor-element-populated\">\n\t\t\t\t\t\t<div class=\"elementor-element elementor-element-a574bef elementor-view-stacked elementor-shape-circle elementor-position-block-start elementor-mobile-position-block-start elementor-widget elementor-widget-icon-box\" data-id=\"a574bef\" data-element_type=\"widget\" data-e-type=\"widget\" data-widget_type=\"icon-box.default\">\n\t\t\t\t<div class=\"elementor-widget-container\">\n\t\t\t\t\t\t\t<div class=\"elementor-icon-box-wrapper\">\n\n\t\t\t\t\t\t<div class=\"elementor-icon-box-icon\">\n\t\t\t\t<span  class=\"elementor-icon\">\n\t\t\t\t<i aria-hidden=\"true\" class=\"fas fa-user-lock\"><\/i>\t\t\t\t<\/span>\n\t\t\t<\/div>\n\t\t\t\n\t\t\t\t\t\t<div class=\"elementor-icon-box-content\">\n\n\t\t\t\t\n\t\t\t\t\t\t\t\t\t<p class=\"elementor-icon-box-description\">\n\t\t\t\t\t\tPlattform Datenschutzerkl\u00e4rung\t\t\t\t\t<\/p>\n\t\t\t\t\n\t\t\t<\/div>\n\t\t\t\n\t\t<\/div>\n\t\t\t\t\t\t<\/div>\n\t\t\t\t<\/div>\n\t\t\t\t<div class=\"elementor-element elementor-element-e56ccda elementor-align-center orange_btn elementor-widget elementor-widget-button\" data-id=\"e56ccda\" data-element_type=\"widget\" data-e-type=\"widget\" data-widget_type=\"button.default\">\n\t\t\t\t<div class=\"elementor-widget-container\">\n\t\t\t\t\t\t\t\t\t<div class=\"elementor-button-wrapper\">\n\t\t\t\t\t<a class=\"elementor-button elementor-button-link elementor-size-sm\" href=\"https:\/\/virtualminds.com\/de\/plattform-datenschutzerklarung\">\n\t\t\t\t\t\t<span class=\"elementor-button-content-wrapper\">\n\t\t\t\t\t\t\t\t\t<span class=\"elementor-button-text\">Mehr Informationen<\/span>\n\t\t\t\t\t<\/span>\n\t\t\t\t\t<\/a>\n\t\t\t\t<\/div>\n\t\t\t\t\t\t\t\t<\/div>\n\t\t\t\t<\/div>\n\t\t\t\t\t<\/div>\n\t\t<\/div>\n\t\t\t\t<div class=\"elementor-column elementor-col-20 elementor-top-column elementor-element elementor-element-ecbb3c7\" data-id=\"ecbb3c7\" data-element_type=\"column\" data-e-type=\"column\">\n\t\t\t<div class=\"elementor-widget-wrap elementor-element-populated\">\n\t\t\t\t\t\t<div class=\"elementor-element elementor-element-6763a3e elementor-view-stacked elementor-shape-circle elementor-position-block-start elementor-mobile-position-block-start elementor-widget elementor-widget-icon-box\" data-id=\"6763a3e\" data-element_type=\"widget\" data-e-type=\"widget\" data-widget_type=\"icon-box.default\">\n\t\t\t\t<div class=\"elementor-widget-container\">\n\t\t\t\t\t\t\t<div class=\"elementor-icon-box-wrapper\">\n\n\t\t\t\t\t\t<div class=\"elementor-icon-box-icon\">\n\t\t\t\t<span  class=\"elementor-icon\">\n\t\t\t\t<i aria-hidden=\"true\" class=\"fas fa-user-shield\"><\/i>\t\t\t\t<\/span>\n\t\t\t<\/div>\n\t\t\t\n\t\t\t\t\t\t<div class=\"elementor-icon-box-content\">\n\n\t\t\t\t\n\t\t\t\t\t\t\t\t\t<p class=\"elementor-icon-box-description\">\n\t\t\t\t\t\tConsent-Widerruf (Opt-Out)\t\t\t\t\t<\/p>\n\t\t\t\t\n\t\t\t<\/div>\n\t\t\t\n\t\t<\/div>\n\t\t\t\t\t\t<\/div>\n\t\t\t\t<\/div>\n\t\t\t\t<div class=\"elementor-element elementor-element-e7f4e4a elementor-align-center orange_btn elementor-widget elementor-widget-button\" data-id=\"e7f4e4a\" data-element_type=\"widget\" data-e-type=\"widget\" data-widget_type=\"button.default\">\n\t\t\t\t<div class=\"elementor-widget-container\">\n\t\t\t\t\t\t\t\t\t<div class=\"elementor-button-wrapper\">\n\t\t\t\t\t<a class=\"elementor-button elementor-button-link elementor-size-sm\" href=\"https:\/\/virtualminds.com\/de\/opt-in-opt-out\">\n\t\t\t\t\t\t<span class=\"elementor-button-content-wrapper\">\n\t\t\t\t\t\t\t\t\t<span class=\"elementor-button-text\">Mehr Informationen<\/span>\n\t\t\t\t\t<\/span>\n\t\t\t\t\t<\/a>\n\t\t\t\t<\/div>\n\t\t\t\t\t\t\t\t<\/div>\n\t\t\t\t<\/div>\n\t\t\t\t\t<\/div>\n\t\t<\/div>\n\t\t\t\t<div class=\"elementor-column elementor-col-20 elementor-top-column elementor-element elementor-element-a661b62\" data-id=\"a661b62\" data-element_type=\"column\" data-e-type=\"column\">\n\t\t\t<div class=\"elementor-widget-wrap elementor-element-populated\">\n\t\t\t\t\t\t<div class=\"elementor-element elementor-element-714527f elementor-view-stacked elementor-shape-circle elementor-position-block-start elementor-mobile-position-block-start elementor-widget elementor-widget-icon-box\" data-id=\"714527f\" data-element_type=\"widget\" data-e-type=\"widget\" data-widget_type=\"icon-box.default\">\n\t\t\t\t<div class=\"elementor-widget-container\">\n\t\t\t\t\t\t\t<div class=\"elementor-icon-box-wrapper\">\n\n\t\t\t\t\t\t<div class=\"elementor-icon-box-icon\">\n\t\t\t\t<span  class=\"elementor-icon\">\n\t\t\t\t<i aria-hidden=\"true\" class=\"far fa-bookmark\"><\/i>\t\t\t\t<\/span>\n\t\t\t<\/div>\n\t\t\t\n\t\t\t\t\t\t<div class=\"elementor-icon-box-content\">\n\n\t\t\t\t\n\t\t\t\t\t\t\t\t\t<p class=\"elementor-icon-box-description\">\n\t\t\t\t\t\tWebsite Datenschutzerkl\u00e4rung\t\t\t\t\t<\/p>\n\t\t\t\t\n\t\t\t<\/div>\n\t\t\t\n\t\t<\/div>\n\t\t\t\t\t\t<\/div>\n\t\t\t\t<\/div>\n\t\t\t\t<div class=\"elementor-element elementor-element-82960f6 elementor-align-center orange_btn elementor-widget elementor-widget-button\" data-id=\"82960f6\" data-element_type=\"widget\" data-e-type=\"widget\" data-widget_type=\"button.default\">\n\t\t\t\t<div class=\"elementor-widget-container\">\n\t\t\t\t\t\t\t\t\t<div class=\"elementor-button-wrapper\">\n\t\t\t\t\t<a class=\"elementor-button elementor-button-link elementor-size-sm\" href=\"https:\/\/virtualminds.com\/de\/website-datenschutzerklarung\">\n\t\t\t\t\t\t<span class=\"elementor-button-content-wrapper\">\n\t\t\t\t\t\t\t\t\t<span class=\"elementor-button-text\">Mehr Informationen<\/span>\n\t\t\t\t\t<\/span>\n\t\t\t\t\t<\/a>\n\t\t\t\t<\/div>\n\t\t\t\t\t\t\t\t<\/div>\n\t\t\t\t<\/div>\n\t\t\t\t\t<\/div>\n\t\t<\/div>\n\t\t\t\t<div class=\"elementor-column elementor-col-20 elementor-top-column elementor-element elementor-element-86f02ef\" data-id=\"86f02ef\" data-element_type=\"column\" data-e-type=\"column\">\n\t\t\t<div class=\"elementor-widget-wrap\">\n\t\t\t\t\t\t\t<\/div>\n\t\t<\/div>\n\t\t\t\t\t<\/div>\n\t\t<\/section>\n\t\t\t\t<section class=\"elementor-section elementor-top-section elementor-element elementor-element-7f4862e elementor-section-boxed elementor-section-height-default elementor-section-height-default\" data-id=\"7f4862e\" data-element_type=\"section\" data-e-type=\"section\">\n\t\t\t\t\t\t<div class=\"elementor-container elementor-column-gap-default\">\n\t\t\t\t\t<div class=\"elementor-column elementor-col-100 elementor-top-column elementor-element elementor-element-0d5f055\" data-id=\"0d5f055\" data-element_type=\"column\" data-e-type=\"column\">\n\t\t\t<div class=\"elementor-widget-wrap\">\n\t\t\t\t\t\t\t<\/div>\n\t\t<\/div>\n\t\t\t\t\t<\/div>\n\t\t<\/section>\n\t\t\t\t<\/div>\n\t\t","protected":false},"excerpt":{"rendered":"<p>Recht auf Auskunft &amp; vergessen Unsere Plattform umfasst Produkte, die unseren Kunden die M\u00f6glichkeit geben, zielgruppenspezifische bzw. nutzerorientierte Werbung auszuspielen oder einzublenden. Hierbei entscheiden Werbetreibende anhand verschiedener Faktoren, wie beispielsweise dem Werbeumfeld, oder angenommenen Interessen und Vorlieben der Nutzer, welche Werbung wann auf welchem Endger\u00e4t angezeigt wird. Im Rahmen dieser Produkte verarbeitet Virtual Minds keine [&hellip;]<\/p>\n","protected":false},"author":3,"featured_media":0,"parent":0,"menu_order":0,"comment_status":"closed","ping_status":"closed","template":"elementor_header_footer","meta":{"content-type":"","footnotes":""},"class_list":["post-6000","page","type-page","status-publish","hentry"],"_links":{"self":[{"href":"https:\/\/virtualminds.com\/de\/wp-json\/wp\/v2\/pages\/6000","targetHints":{"allow":["GET"]}}],"collection":[{"href":"https:\/\/virtualminds.com\/de\/wp-json\/wp\/v2\/pages"}],"about":[{"href":"https:\/\/virtualminds.com\/de\/wp-json\/wp\/v2\/types\/page"}],"author":[{"embeddable":true,"href":"https:\/\/virtualminds.com\/de\/wp-json\/wp\/v2\/users\/3"}],"replies":[{"embeddable":true,"href":"https:\/\/virtualminds.com\/de\/wp-json\/wp\/v2\/comments?post=6000"}],"version-history":[{"count":71,"href":"https:\/\/virtualminds.com\/de\/wp-json\/wp\/v2\/pages\/6000\/revisions"}],"predecessor-version":[{"id":16828,"href":"https:\/\/virtualminds.com\/de\/wp-json\/wp\/v2\/pages\/6000\/revisions\/16828"}],"wp:attachment":[{"href":"https:\/\/virtualminds.com\/de\/wp-json\/wp\/v2\/media?parent=6000"}],"curies":[{"name":"wp","href":"https:\/\/api.w.org\/{rel}","templated":true}]}}