{"id":8170,"date":"2024-07-22T08:47:54","date_gmt":"2024-07-22T08:47:54","guid":{"rendered":"https:\/\/virtualminds.com\/?page_id=8170"},"modified":"2024-09-30T14:02:04","modified_gmt":"2024-09-30T12:02:04","slug":"datenschutz-faq","status":"publish","type":"page","link":"https:\/\/virtualminds.com\/de\/datenschutz-faq\/","title":{"rendered":"Datenschutz FAQ"},"content":{"rendered":"\t\t<div data-elementor-type=\"wp-page\" data-elementor-id=\"8170\" class=\"elementor elementor-8170\" data-elementor-post-type=\"page\">\n\t\t\t\t\t\t<section class=\"elementor-section elementor-top-section elementor-element elementor-element-83770d9 elementor-section-boxed elementor-section-height-default elementor-section-height-default\" data-id=\"83770d9\" data-element_type=\"section\" data-e-type=\"section\">\n\t\t\t\t\t\t<div class=\"elementor-container elementor-column-gap-default\">\n\t\t\t\t\t<div class=\"elementor-column elementor-col-100 elementor-top-column elementor-element elementor-element-df73771\" data-id=\"df73771\" data-element_type=\"column\" data-e-type=\"column\">\n\t\t\t<div class=\"elementor-widget-wrap elementor-element-populated\">\n\t\t\t\t\t\t<div class=\"elementor-element elementor-element-2d37234 elementor-widget elementor-widget-heading\" data-id=\"2d37234\" data-element_type=\"widget\" data-e-type=\"widget\" data-widget_type=\"heading.default\">\n\t\t\t\t<div class=\"elementor-widget-container\">\n\t\t\t\t\t<h5 class=\"elementor-heading-title elementor-size-default\">Datenschutz FAQ<\/h5>\t\t\t\t<\/div>\n\t\t\t\t<\/div>\n\t\t\t\t\t<\/div>\n\t\t<\/div>\n\t\t\t\t\t<\/div>\n\t\t<\/section>\n\t\t\t\t<section class=\"elementor-section elementor-top-section elementor-element elementor-element-c0d26e8 elementor-section-boxed elementor-section-height-default elementor-section-height-default\" data-id=\"c0d26e8\" data-element_type=\"section\" data-e-type=\"section\">\n\t\t\t\t\t\t<div class=\"elementor-container elementor-column-gap-default\">\n\t\t\t\t\t<div class=\"elementor-column elementor-col-100 elementor-top-column elementor-element elementor-element-83c0e32\" data-id=\"83c0e32\" data-element_type=\"column\" data-e-type=\"column\">\n\t\t\t<div class=\"elementor-widget-wrap elementor-element-populated\">\n\t\t\t\t\t\t<div class=\"elementor-element elementor-element-f45f881 elementor-widget elementor-widget-text-editor\" data-id=\"f45f881\" data-element_type=\"widget\" data-e-type=\"widget\" data-widget_type=\"text-editor.default\">\n\t\t\t\t<div class=\"elementor-widget-container\">\n\t\t\t\t\t\t\t\t\t<p>Uns ist klar, dass viele der hier erl\u00e4uterten Konzepte etwas komplizierter sind. Einige wichtige Antworten finden Sie deshalb noch einmal in den nachfolgenden FAQ.<\/p><p><strong>Wei\u00df Virtual Minds wer ich bin?<\/strong> <br \/>Nein. Wir treffen zwar einige Annahmen \u00fcber Ihre Person, wir kennen jedoch keinerlei direkt identifizierende Informationen zu ihrer Person. Wir kennen weder Ihren Namen, noch Ihre E-Mail Adresse, Anschrift oder Telefonnummer. Wir sind auch nicht daran interessiert, diese in Erfahrung zu bringen.<\/p><p><strong>Wie sieht es mit meiner IP-Adresse aus?<\/strong> <br \/>Wir kennen Ihre IP-Adresse, verwenden diese aber in ihrer ungek\u00fcrzten Form nur, um ihrem Ger\u00e4t die Werbung zukommen zu lassen, bzw. das anderen zu erm\u00f6glichen oder probabilistische Annahmen zur Zugeh\u00f6rigkeit eines Ger\u00e4ts zu einem Haushalt. Im \u00dcbrigen verwenden wir Ihre IP-Adresse nur in einer stark verk\u00fcrzten Form, die nicht mehr ausreicht um Sie oder Ihr Ger\u00e4t direkt zu identifizieren.<\/p><p>Nur Nebenbei sei angemerkt, dass es zwar theoretisch m\u00f6glich ist, Sie \u00fcber ihre IP-Adresse zu identifizieren. Dabei handelt es sich aber um einen \u00e4u\u00dferst komplexen Vorgang, der wenn \u00fcberhaupt nur in Zusammenarbeit mit Ihrem Internetanbieter m\u00f6glich ist. Dieser wird die entsprechenden Informationen aber nur aufgrund der Entscheidung eines Gerichts ver\u00f6ffentlichen. Uns ist es daher nicht m\u00f6glich, sie \u00fcber Ihre IP-Adresse zu identifizieren.<\/p><p><strong>Sie sagen sie \u201cpersonalisieren\u201d Werbung, dann wissen Sie aber doch mehr \u00fcber mich!<\/strong> <br \/>Die Personalisierung beruht auf probabilistischen Annahmen, ist also nur ein Wahrscheinlichkeitswert. Die Annahmen k\u00f6nnen auf Sie zutreffen, m\u00fcssen es aber nicht. H\u00e4ufig sind die gebildeten Segmente auch so vage, dass Sie auf eine gro\u00dfe Menge Menschen zutreffen. Beispielsweise wenn wir sch\u00e4tzen, dass Sie zwischen 20 \u2013 28 Jahre alt sein k\u00f6nnten.<\/p><p><strong>Welche Cookies sind auf meinem Ger\u00e4t gespeichert, kann jeder diese Cookies lesen?<\/strong> <br \/>Ein Cookie kann nur von dem gelesen werden, der ihn gesetzt hat. So kann Virtual Minds nur die eigenen Cookies lesen. Dasselbe gilt f\u00fcr die Webseitenbetreiber. Sie k\u00f6nnen ganz leicht rausfinden, welche Cookies auf ihrem Ger\u00e4t gespeichert sind. Diese Informationen finden Sie in den Einstellungen des von Ihnen verwendeten Browsers. Dort finden Sie auch die in der Plattform Datenschutzerkl\u00e4rung beschriebenen M\u00f6glichkeiten zur L\u00f6schung der Cookies.<\/p><p><strong>Ich m\u00f6chte nicht, dass mir Online Werbung angezeigt wird, reicht es, wenn ich Cookies blockiere\/l\u00f6sche?<\/strong><br \/>Nein. Wenn Sie der Verwendung von Cookies widersprechen, wird Ihnen meistens dennoch Werbung angezeigt. Diese Werbung wird dann allerdings unabh\u00e4ngig von Ihren Vorlieben und Interessen angezeigt und kann f\u00fcr Sie weniger relevant sein.<\/p><p><strong>Warum gibt es \u00fcberhaupt Online Werbung und was bringt personalisierte Werbung Online?<\/strong> <br \/>Viele Anbieter stellen Ihre Leistungen f\u00fcr den Nutzer kostenlos zur Verf\u00fcgung. Gleichzeitig haben diese Anbieter h\u00e4ufig hohe Kosten, f\u00fcr Mitarbeiter, den Betrieb der Webseite und andere Ausgaben.<\/p><p>Eine der wenigen M\u00f6glichkeiten, die den Webseitenbetreibern offenstehen, um ihre Dienste zu refinanzieren, ist die M\u00f6glichkeit Werbung einzubinden. Dies erm\u00f6glicht nicht zuletzt ein freies, vielf\u00e4ltiges Angebot im Internet, das unabh\u00e4ngig von der finanziellen Leistungskraft des einzelnen Nutzers f\u00fcr jeden zug\u00e4nglich ist.<\/p><p>Der Webseitenbetreiber als auch die Werbetreibenden haben ein Interesse daran, Ihnen m\u00f6glichst relevante Werbung anzuzeigen. So m\u00f6chte der Webseitenbetreiber, dass die Werbung nicht als st\u00f6rend wahrgenommen wird. Das ist zum Beispiel der Fall, wenn die Werbung f\u00fcr den Nutzer relevant ist und ihm nicht zu h\u00e4ufig begegnet. F\u00fcr beide Zwecke m\u00fcssen die beteiligten Unternehmen aber einen Nutzer vom anderen unterscheiden zu k\u00f6nnen. Hierzu dienen die bereits beschriebenen Cookies.<\/p><p>Gleichzeitig ist es allen Beteiligten wichtig, dass Sie m\u00f6glichst genaue Wahlm\u00f6glichkeiten haben um zu bestimmen, wie Ihre Daten zu Werbezwecken verwendet werden. Wir sind der festen \u00dcberzeugung, dass die Akzeptanz von Online Werbung entscheidend davon abh\u00e4ngt, dass Sie als Empf\u00e4nger die Prozesse dahinter verstehen und darauf Einfluss nehmen k\u00f6nnen.<\/p><p><strong>In der Beschreibung tauchen viele Beteiligte auf. Was machen diese Unternehmen?<\/strong> <br \/>Online-Werbung ist eine komplexe Branche mit vielen Beteiligten. Man kann es aber einfach darstellen: Es gibt Unternehmen, die auf der Seite der Anbieter von Webseiten und anderen digitalen Inhalten t\u00e4tig werden und diesen bei der Vermarktung der Werbepl\u00e4tze helfen, und es gibt Unternehmen, welche die Werbetreibenden dabei unterst\u00fctzen, die Werbung so zielgenau wie m\u00f6glich auszuspielen.<\/p><p>Anbieter von Inhalten haben meist selbst nicht die technischen M\u00f6glichkeiten, die Werbepl\u00e4tze anzubieten und zu vermarkten, also arbeitet er mit einer SSP (Supply Side Plattform = Angebotsplattform) zusammen. Diese Angebotsplattform erkennt, wenn ein Nutzer die Seite besucht und eine Werbefl\u00e4che frei ist. In diesem Moment sendet sie ein entsprechendes Angebot raus.<\/p><p>Dieses Angebot empfangen die DSPs (Demand Side Plattform = Nachfrageplattform). Diese DSPs arbeiten f\u00fcr Werbetreibende (direkt oder durch eine Agentur). Sie ermitteln, ob die Werbefl\u00e4che f\u00fcr den Werbetreibenden interessant ist. Ist sie das, geben Sie ein Gebot ab, geben mehrere ein Gebot ab, erh\u00e4lt der H\u00f6chstbietende den Zuschlag.<\/p><p>Alle Beteiligten profitieren davon, wenn zus\u00e4tzliche Informationen \u00fcber die Nutzer vorliegen, die gerade ein digitales Angebot besuchen. Manche Werbetreibende erheben deshalb Informationen \u00fcber Nutzer auf eigenen Webseiten, z.B. wenn Sie einen Webshop besuchen mit Hilfe einer DMP, wie sie Virtual Minds anbietet. Diese Informationen k\u00f6nnen dann wiederum sowohl in SSPs als auch in DSPs genutzt werden, um zu ermitteln, welcher Nutzer beworben werden sollte.<\/p><p>Nat\u00fcrlich ist diese Darstellung ein wenig vereinfacht, die grunds\u00e4tzlichen Beziehungen und Funktionen der einzelnen Beteiligten bildet sie jedoch ab.<\/p>\t\t\t\t\t\t\t\t<\/div>\n\t\t\t\t<\/div>\n\t\t\t\t\t<\/div>\n\t\t<\/div>\n\t\t\t\t\t<\/div>\n\t\t<\/section>\n\t\t\t\t<section class=\"elementor-section elementor-top-section elementor-element elementor-element-c98f5cf elementor-section-boxed elementor-section-height-default elementor-section-height-default\" data-id=\"c98f5cf\" data-element_type=\"section\" data-e-type=\"section\">\n\t\t\t\t\t\t<div class=\"elementor-container elementor-column-gap-default\">\n\t\t\t\t\t<div class=\"elementor-column elementor-col-25 elementor-top-column elementor-element elementor-element-e141f4e\" data-id=\"e141f4e\" data-element_type=\"column\" data-e-type=\"column\">\n\t\t\t<div class=\"elementor-widget-wrap elementor-element-populated\">\n\t\t\t\t\t\t<div class=\"elementor-element elementor-element-cf0b026 elementor-view-stacked elementor-shape-circle elementor-position-block-start elementor-mobile-position-block-start elementor-widget elementor-widget-icon-box\" data-id=\"cf0b026\" data-element_type=\"widget\" data-e-type=\"widget\" data-widget_type=\"icon-box.default\">\n\t\t\t\t<div class=\"elementor-widget-container\">\n\t\t\t\t\t\t\t<div class=\"elementor-icon-box-wrapper\">\n\n\t\t\t\t\t\t<div class=\"elementor-icon-box-icon\">\n\t\t\t\t<span  class=\"elementor-icon\">\n\t\t\t\t<i aria-hidden=\"true\" class=\"fas fa-info-circle\"><\/i>\t\t\t\t<\/span>\n\t\t\t<\/div>\n\t\t\t\n\t\t\t\t\t\t<div class=\"elementor-icon-box-content\">\n\n\t\t\t\t\n\t\t\t\t\t\t\t\t\t<p class=\"elementor-icon-box-description\">\n\t\t\t\t\t\tRecht auf Auskunft &amp; Vergessen\t\t\t\t\t<\/p>\n\t\t\t\t\n\t\t\t<\/div>\n\t\t\t\n\t\t<\/div>\n\t\t\t\t\t\t<\/div>\n\t\t\t\t<\/div>\n\t\t\t\t<div class=\"elementor-element elementor-element-a4f3f62 elementor-align-center orange_btn elementor-widget elementor-widget-button\" data-id=\"a4f3f62\" data-element_type=\"widget\" data-e-type=\"widget\" data-widget_type=\"button.default\">\n\t\t\t\t<div class=\"elementor-widget-container\">\n\t\t\t\t\t\t\t\t\t<div class=\"elementor-button-wrapper\">\n\t\t\t\t\t<a class=\"elementor-button elementor-button-link elementor-size-sm\" href=\"https:\/\/virtualminds.com\/de\/recht-auf-auskunft-und-vergessen\">\n\t\t\t\t\t\t<span class=\"elementor-button-content-wrapper\">\n\t\t\t\t\t\t\t\t\t<span class=\"elementor-button-text\">Mehr Informationen<\/span>\n\t\t\t\t\t<\/span>\n\t\t\t\t\t<\/a>\n\t\t\t\t<\/div>\n\t\t\t\t\t\t\t\t<\/div>\n\t\t\t\t<\/div>\n\t\t\t\t\t<\/div>\n\t\t<\/div>\n\t\t\t\t<div class=\"elementor-column elementor-col-25 elementor-top-column elementor-element elementor-element-1b3cbe8\" data-id=\"1b3cbe8\" data-element_type=\"column\" data-e-type=\"column\">\n\t\t\t<div class=\"elementor-widget-wrap elementor-element-populated\">\n\t\t\t\t\t\t<div class=\"elementor-element elementor-element-a574bef elementor-view-stacked elementor-shape-circle elementor-position-block-start elementor-mobile-position-block-start elementor-widget elementor-widget-icon-box\" data-id=\"a574bef\" data-element_type=\"widget\" data-e-type=\"widget\" data-widget_type=\"icon-box.default\">\n\t\t\t\t<div class=\"elementor-widget-container\">\n\t\t\t\t\t\t\t<div class=\"elementor-icon-box-wrapper\">\n\n\t\t\t\t\t\t<div class=\"elementor-icon-box-icon\">\n\t\t\t\t<span  class=\"elementor-icon\">\n\t\t\t\t<i aria-hidden=\"true\" class=\"fas fa-user-lock\"><\/i>\t\t\t\t<\/span>\n\t\t\t<\/div>\n\t\t\t\n\t\t\t\t\t\t<div class=\"elementor-icon-box-content\">\n\n\t\t\t\t\n\t\t\t\t\t\t\t\t\t<p class=\"elementor-icon-box-description\">\n\t\t\t\t\t\tPlattform Datenschutzerkl\u00e4rung\t\t\t\t\t<\/p>\n\t\t\t\t\n\t\t\t<\/div>\n\t\t\t\n\t\t<\/div>\n\t\t\t\t\t\t<\/div>\n\t\t\t\t<\/div>\n\t\t\t\t<div class=\"elementor-element elementor-element-d386cd2 elementor-align-center orange_btn elementor-widget elementor-widget-button\" data-id=\"d386cd2\" data-element_type=\"widget\" data-e-type=\"widget\" data-widget_type=\"button.default\">\n\t\t\t\t<div class=\"elementor-widget-container\">\n\t\t\t\t\t\t\t\t\t<div class=\"elementor-button-wrapper\">\n\t\t\t\t\t<a class=\"elementor-button elementor-button-link elementor-size-sm\" href=\"https:\/\/virtualminds.com\/de\/plattform-datenschutzerklaerung\/\">\n\t\t\t\t\t\t<span class=\"elementor-button-content-wrapper\">\n\t\t\t\t\t\t\t\t\t<span class=\"elementor-button-text\">Mehr Informationen<\/span>\n\t\t\t\t\t<\/span>\n\t\t\t\t\t<\/a>\n\t\t\t\t<\/div>\n\t\t\t\t\t\t\t\t<\/div>\n\t\t\t\t<\/div>\n\t\t\t\t\t<\/div>\n\t\t<\/div>\n\t\t\t\t<div class=\"elementor-column elementor-col-25 elementor-top-column elementor-element elementor-element-61652f2\" data-id=\"61652f2\" data-element_type=\"column\" data-e-type=\"column\">\n\t\t\t<div class=\"elementor-widget-wrap elementor-element-populated\">\n\t\t\t\t\t\t<div class=\"elementor-element elementor-element-6763a3e elementor-view-stacked elementor-shape-circle elementor-position-block-start elementor-mobile-position-block-start elementor-widget elementor-widget-icon-box\" data-id=\"6763a3e\" data-element_type=\"widget\" data-e-type=\"widget\" data-widget_type=\"icon-box.default\">\n\t\t\t\t<div class=\"elementor-widget-container\">\n\t\t\t\t\t\t\t<div class=\"elementor-icon-box-wrapper\">\n\n\t\t\t\t\t\t<div class=\"elementor-icon-box-icon\">\n\t\t\t\t<span  class=\"elementor-icon\">\n\t\t\t\t<i aria-hidden=\"true\" class=\"fas fa-user-shield\"><\/i>\t\t\t\t<\/span>\n\t\t\t<\/div>\n\t\t\t\n\t\t\t\t\t\t<div class=\"elementor-icon-box-content\">\n\n\t\t\t\t\n\t\t\t\t\t\t\t\t\t<p class=\"elementor-icon-box-description\">\n\t\t\t\t\t\tConsent-Widerruf (Opt-Out)\t\t\t\t\t<\/p>\n\t\t\t\t\n\t\t\t<\/div>\n\t\t\t\n\t\t<\/div>\n\t\t\t\t\t\t<\/div>\n\t\t\t\t<\/div>\n\t\t\t\t<div class=\"elementor-element elementor-element-5737441 elementor-align-center orange_btn elementor-widget elementor-widget-button\" data-id=\"5737441\" data-element_type=\"widget\" data-e-type=\"widget\" data-widget_type=\"button.default\">\n\t\t\t\t<div class=\"elementor-widget-container\">\n\t\t\t\t\t\t\t\t\t<div class=\"elementor-button-wrapper\">\n\t\t\t\t\t<a class=\"elementor-button elementor-button-link elementor-size-sm\" href=\"https:\/\/virtualminds.com\/de\/opt-in-opt-out\">\n\t\t\t\t\t\t<span class=\"elementor-button-content-wrapper\">\n\t\t\t\t\t\t\t\t\t<span class=\"elementor-button-text\">Mehr Informationen<\/span>\n\t\t\t\t\t<\/span>\n\t\t\t\t\t<\/a>\n\t\t\t\t<\/div>\n\t\t\t\t\t\t\t\t<\/div>\n\t\t\t\t<\/div>\n\t\t\t\t\t<\/div>\n\t\t<\/div>\n\t\t\t\t<div class=\"elementor-column elementor-col-25 elementor-top-column elementor-element elementor-element-db8c653\" data-id=\"db8c653\" data-element_type=\"column\" data-e-type=\"column\">\n\t\t\t<div class=\"elementor-widget-wrap elementor-element-populated\">\n\t\t\t\t\t\t<div class=\"elementor-element elementor-element-714527f elementor-view-stacked elementor-shape-circle elementor-position-block-start elementor-mobile-position-block-start elementor-widget elementor-widget-icon-box\" data-id=\"714527f\" data-element_type=\"widget\" data-e-type=\"widget\" data-widget_type=\"icon-box.default\">\n\t\t\t\t<div class=\"elementor-widget-container\">\n\t\t\t\t\t\t\t<div class=\"elementor-icon-box-wrapper\">\n\n\t\t\t\t\t\t<div class=\"elementor-icon-box-icon\">\n\t\t\t\t<span  class=\"elementor-icon\">\n\t\t\t\t<i aria-hidden=\"true\" class=\"far fa-bookmark\"><\/i>\t\t\t\t<\/span>\n\t\t\t<\/div>\n\t\t\t\n\t\t\t\t\t\t<div class=\"elementor-icon-box-content\">\n\n\t\t\t\t\n\t\t\t\t\t\t\t\t\t<p class=\"elementor-icon-box-description\">\n\t\t\t\t\t\tWebsite Datenschutzerkl\u00e4rung\t\t\t\t\t<\/p>\n\t\t\t\t\n\t\t\t<\/div>\n\t\t\t\n\t\t<\/div>\n\t\t\t\t\t\t<\/div>\n\t\t\t\t<\/div>\n\t\t\t\t<div class=\"elementor-element elementor-element-792db12 elementor-align-center orange_btn elementor-widget elementor-widget-button\" data-id=\"792db12\" data-element_type=\"widget\" data-e-type=\"widget\" data-widget_type=\"button.default\">\n\t\t\t\t<div class=\"elementor-widget-container\">\n\t\t\t\t\t\t\t\t\t<div class=\"elementor-button-wrapper\">\n\t\t\t\t\t<a class=\"elementor-button elementor-button-link elementor-size-sm\" href=\"https:\/\/virtualminds.com\/de\/website-datenschutzerklaerung\/\">\n\t\t\t\t\t\t<span class=\"elementor-button-content-wrapper\">\n\t\t\t\t\t\t\t\t\t<span class=\"elementor-button-text\">Mehr Informationen<\/span>\n\t\t\t\t\t<\/span>\n\t\t\t\t\t<\/a>\n\t\t\t\t<\/div>\n\t\t\t\t\t\t\t\t<\/div>\n\t\t\t\t<\/div>\n\t\t\t\t\t<\/div>\n\t\t<\/div>\n\t\t\t\t\t<\/div>\n\t\t<\/section>\n\t\t\t\t<\/div>\n\t\t","protected":false},"excerpt":{"rendered":"<p>Datenschutz FAQ Uns ist klar, dass viele der hier erl\u00e4uterten Konzepte etwas komplizierter sind. Einige wichtige Antworten finden Sie deshalb noch einmal in den nachfolgenden FAQ. Wei\u00df Virtual Minds wer ich bin? Nein. Wir treffen zwar einige Annahmen \u00fcber Ihre Person, wir kennen jedoch keinerlei direkt identifizierende Informationen zu ihrer Person. Wir kennen weder Ihren [&hellip;]<\/p>\n","protected":false},"author":3,"featured_media":0,"parent":0,"menu_order":0,"comment_status":"closed","ping_status":"closed","template":"elementor_header_footer","meta":{"content-type":"","footnotes":""},"class_list":["post-8170","page","type-page","status-publish","hentry"],"_links":{"self":[{"href":"https:\/\/virtualminds.com\/de\/wp-json\/wp\/v2\/pages\/8170","targetHints":{"allow":["GET"]}}],"collection":[{"href":"https:\/\/virtualminds.com\/de\/wp-json\/wp\/v2\/pages"}],"about":[{"href":"https:\/\/virtualminds.com\/de\/wp-json\/wp\/v2\/types\/page"}],"author":[{"embeddable":true,"href":"https:\/\/virtualminds.com\/de\/wp-json\/wp\/v2\/users\/3"}],"replies":[{"embeddable":true,"href":"https:\/\/virtualminds.com\/de\/wp-json\/wp\/v2\/comments?post=8170"}],"version-history":[{"count":7,"href":"https:\/\/virtualminds.com\/de\/wp-json\/wp\/v2\/pages\/8170\/revisions"}],"predecessor-version":[{"id":8361,"href":"https:\/\/virtualminds.com\/de\/wp-json\/wp\/v2\/pages\/8170\/revisions\/8361"}],"wp:attachment":[{"href":"https:\/\/virtualminds.com\/de\/wp-json\/wp\/v2\/media?parent=8170"}],"curies":[{"name":"wp","href":"https:\/\/api.w.org\/{rel}","templated":true}]}}